{"id":96,"date":"2021-03-10T07:48:02","date_gmt":"2021-03-10T07:48:02","guid":{"rendered":"https:\/\/www.sahinofset.com\/?page_id=96"},"modified":"2021-03-17T09:34:36","modified_gmt":"2021-03-17T09:34:36","slug":"kutu-ambalaj-uretimi","status":"publish","type":"page","link":"https:\/\/www.sahinofset.com\/index.php\/kutu-ambalaj-uretimi\/","title":{"rendered":"Kutu ambalaj \u00fcretimi"},"content":{"rendered":"\t\t<div data-elementor-type=\"wp-page\" data-elementor-id=\"96\" class=\"elementor elementor-96\" data-elementor-settings=\"[]\">\n\t\t\t\t\t\t\t<div class=\"elementor-section-wrap\">\n\t\t\t\t\t\t\t<section class=\"elementor-section elementor-top-section elementor-element elementor-element-1c7f81a elementor-section-boxed elementor-section-height-default elementor-section-height-default\" data-id=\"1c7f81a\" data-element_type=\"section\">\n\t\t\t\t\t\t<div class=\"elementor-container elementor-column-gap-default\">\n\t\t\t\t\t<div class=\"elementor-column elementor-col-100 elementor-top-column elementor-element elementor-element-64dddfe\" data-id=\"64dddfe\" data-element_type=\"column\">\n\t\t\t<div class=\"elementor-widget-wrap elementor-element-populated\">\n\t\t\t\t\t\t\t\t<div class=\"elementor-element elementor-element-f025d22 elementor-widget elementor-widget-image\" data-id=\"f025d22\" data-element_type=\"widget\" data-widget_type=\"image.default\">\n\t\t\t\t<div class=\"elementor-widget-container\">\n\t\t\t\t\t<div class=\"elementor-image\">\n\t\t\t\t\t\t\t\t\t\t<img width=\"1024\" height=\"494\" src=\"https:\/\/www.sahinofset.com\/wp-content\/uploads\/2021\/03\/58df7e16e6c02-e1615973720165.jpg\" class=\"attachment-large size-large\" alt=\"\" loading=\"lazy\" srcset=\"https:\/\/www.sahinofset.com\/wp-content\/uploads\/2021\/03\/58df7e16e6c02-e1615973720165.jpg 1024w, https:\/\/www.sahinofset.com\/wp-content\/uploads\/2021\/03\/58df7e16e6c02-e1615973720165-300x145.jpg 300w, https:\/\/www.sahinofset.com\/wp-content\/uploads\/2021\/03\/58df7e16e6c02-e1615973720165-768x371.jpg 768w\" sizes=\"(max-width: 1024px) 100vw, 1024px\" \/>\t\t\t\t\t\t\t\t\t\t\t<\/div>\n\t\t\t\t<\/div>\n\t\t\t\t<\/div>\n\t\t\t\t\t<\/div>\n\t\t<\/div>\n\t\t\t\t\t\t\t<\/div>\n\t\t<\/section>\n\t\t\t\t<section class=\"elementor-section elementor-top-section elementor-element elementor-element-86ead74 elementor-section-boxed elementor-section-height-default elementor-section-height-default\" data-id=\"86ead74\" data-element_type=\"section\">\n\t\t\t\t\t\t<div class=\"elementor-container elementor-column-gap-default\">\n\t\t\t\t\t<div class=\"elementor-column elementor-col-100 elementor-top-column elementor-element elementor-element-34c6e9c\" data-id=\"34c6e9c\" data-element_type=\"column\">\n\t\t\t<div class=\"elementor-widget-wrap elementor-element-populated\">\n\t\t\t\t\t\t\t\t<div class=\"elementor-element elementor-element-2eaa353 elementor-widget elementor-widget-heading\" data-id=\"2eaa353\" data-element_type=\"widget\" data-widget_type=\"heading.default\">\n\t\t\t\t<div class=\"elementor-widget-container\">\n\t\t\t<h2 class=\"elementor-heading-title elementor-size-default\">Kutu ambalaj \u00fcretimi<\/h2>\t\t<\/div>\n\t\t\t\t<\/div>\n\t\t\t\t\t<\/div>\n\t\t<\/div>\n\t\t\t\t\t\t\t<\/div>\n\t\t<\/section>\n\t\t\t\t<section class=\"elementor-section elementor-top-section elementor-element elementor-element-a37222d elementor-section-boxed elementor-section-height-default elementor-section-height-default\" data-id=\"a37222d\" data-element_type=\"section\">\n\t\t\t\t\t\t<div class=\"elementor-container elementor-column-gap-default\">\n\t\t\t\t\t<div class=\"elementor-column elementor-col-100 elementor-top-column elementor-element elementor-element-c09b24e\" data-id=\"c09b24e\" data-element_type=\"column\">\n\t\t\t<div class=\"elementor-widget-wrap elementor-element-populated\">\n\t\t\t\t\t\t\t\t<div class=\"elementor-element elementor-element-25fc568 elementor-widget elementor-widget-text-editor\" data-id=\"25fc568\" data-element_type=\"widget\" data-widget_type=\"text-editor.default\">\n\t\t\t\t<div class=\"elementor-widget-container\">\n\t\t\t\t\t<div class=\"elementor-text-editor elementor-clearfix\"><p>G\u0131da, i\u00e7ecek, kozmetik, temizlik, otomotiv, kozmetik ve ki\u015fisel bak\u0131m, ila\u00e7 ve sa\u011fl\u0131k, otomotiv, end\u00fcstriyel, yani bir\u00e7ok farkl\u0131 sekt\u00f6r\u00fcn \u00fcr\u00fcn veya yedek par\u00e7a kutu ambalaj \u00fcretimi.<\/p><p>Bristol, Exprint, Krome, nonprint karton malzemeli s\u0131vamal\u0131 veya s\u0131vamas\u0131z Ofset bask\u0131l\u0131 karton kutu ambalajlar. \u00a0<\/p><p>E\/B-TS E\/B-KS E\/B-BS Ond\u00fcle \u00fczerine karton s\u0131vamal\u0131 kutular.<\/p><p>Dip ve yan kilitli, yap\u0131\u015ft\u0131rmal\u0131 kutular, asetatl\u0131, pencereli kutular, gofrajl\u0131, varakl\u0131, varlak veya mat selofanl\u0131 kutular, perforajl\u0131 kutular, seperat\u00f6rl\u00fc kutular, ta\u015f\u0131ma sapl\u0131 kutular, Mukavva veya Dopel kutular.<\/p><\/div>\n\t\t\t\t<\/div>\n\t\t\t\t<\/div>\n\t\t\t\t\t<\/div>\n\t\t<\/div>\n\t\t\t\t\t\t\t<\/div>\n\t\t<\/section>\n\t\t\t\t<section class=\"elementor-section elementor-top-section elementor-element elementor-element-985a1a4 elementor-section-boxed elementor-section-height-default elementor-section-height-default\" data-id=\"985a1a4\" data-element_type=\"section\">\n\t\t\t\t\t\t<div class=\"elementor-container elementor-column-gap-default\">\n\t\t\t\t\t<div class=\"elementor-column elementor-col-100 elementor-top-column elementor-element elementor-element-df4a642\" data-id=\"df4a642\" data-element_type=\"column\">\n\t\t\t<div class=\"elementor-widget-wrap\">\n\t\t\t\t\t\t\t\t\t<\/div>\n\t\t<\/div>\n\t\t\t\t\t\t\t<\/div>\n\t\t<\/section>\n\t\t\t\t\t\t<\/div>\n\t\t\t\t\t<\/div>\n\t\t","protected":false},"excerpt":{"rendered":"<p class=\"qua-blog-post-description\">Kutu ambalaj \u00fcretimi G\u0131da, i\u00e7ecek, kozmetik, temizlik, otomotiv, kozmetik ve ki\u015fisel bak\u0131m, ila\u00e7 ve sa\u011fl\u0131k, otomotiv, end\u00fcstriyel, yani bir\u00e7ok farkl\u0131 sekt\u00f6r\u00fcn \u00fcr\u00fcn veya yedek par\u00e7a kutu ambalaj \u00fcretimi. Bristol, Exprint, Krome, nonprint karton malzemeli s\u0131vamal\u0131 veya s\u0131vamas\u0131z Ofset bask\u0131l\u0131 karton kutu ambalajlar. \u00a0 E\/B-TS E\/B-KS E\/B-BS Ond\u00fcle \u00fczerine karton s\u0131vamal\u0131 kutular. Dip ve yan kilitli, [&hellip;]<\/p>\n","protected":false},"author":1,"featured_media":0,"parent":0,"menu_order":0,"comment_status":"closed","ping_status":"closed","template":"elementor_header_footer","meta":[],"_links":{"self":[{"href":"https:\/\/www.sahinofset.com\/index.php\/wp-json\/wp\/v2\/pages\/96"}],"collection":[{"href":"https:\/\/www.sahinofset.com\/index.php\/wp-json\/wp\/v2\/pages"}],"about":[{"href":"https:\/\/www.sahinofset.com\/index.php\/wp-json\/wp\/v2\/types\/page"}],"author":[{"embeddable":true,"href":"https:\/\/www.sahinofset.com\/index.php\/wp-json\/wp\/v2\/users\/1"}],"replies":[{"embeddable":true,"href":"https:\/\/www.sahinofset.com\/index.php\/wp-json\/wp\/v2\/comments?post=96"}],"version-history":[{"count":7,"href":"https:\/\/www.sahinofset.com\/index.php\/wp-json\/wp\/v2\/pages\/96\/revisions"}],"predecessor-version":[{"id":218,"href":"https:\/\/www.sahinofset.com\/index.php\/wp-json\/wp\/v2\/pages\/96\/revisions\/218"}],"wp:attachment":[{"href":"https:\/\/www.sahinofset.com\/index.php\/wp-json\/wp\/v2\/media?parent=96"}],"curies":[{"name":"wp","href":"https:\/\/api.w.org\/{rel}","templated":true}]}}