{"id":16,"date":"2021-03-08T14:43:14","date_gmt":"2021-03-08T14:43:14","guid":{"rendered":"http:\/\/www.sahinofset.com\/?page_id=16"},"modified":"2021-04-01T08:23:01","modified_gmt":"2021-04-01T08:23:01","slug":"anasayfa-hakkimizda","status":"publish","type":"page","link":"https:\/\/www.sahinofset.com\/","title":{"rendered":"Anasayfa \/ Hakk\u0131m\u0131zda"},"content":{"rendered":"\t\t<div data-elementor-type=\"wp-page\" data-elementor-id=\"16\" class=\"elementor elementor-16\" data-elementor-settings=\"[]\">\n\t\t\t\t\t\t\t<div class=\"elementor-section-wrap\">\n\t\t\t\t\t\t\t<section class=\"elementor-section elementor-top-section elementor-element elementor-element-7f94615 elementor-section-boxed elementor-section-height-default elementor-section-height-default\" data-id=\"7f94615\" data-element_type=\"section\">\n\t\t\t\t\t\t<div class=\"elementor-container elementor-column-gap-no\">\n\t\t\t\t\t<div class=\"elementor-column elementor-col-100 elementor-top-column elementor-element elementor-element-d23c8e3\" data-id=\"d23c8e3\" data-element_type=\"column\">\n\t\t\t<div class=\"elementor-widget-wrap elementor-element-populated\">\n\t\t\t\t\t\t\t\t<div class=\"elementor-element elementor-element-33ae493 elementor-widget elementor-widget-image\" data-id=\"33ae493\" data-element_type=\"widget\" data-widget_type=\"image.default\">\n\t\t\t\t<div class=\"elementor-widget-container\">\n\t\t\t\t\t<div class=\"elementor-image\">\n\t\t\t\t\t\t\t\t\t\t<img width=\"1024\" height=\"459\" src=\"https:\/\/www.sahinofset.com\/wp-content\/uploads\/2021\/03\/sahin-etiket-1024x459.jpg\" class=\"attachment-large size-large\" alt=\"\" loading=\"lazy\" srcset=\"https:\/\/www.sahinofset.com\/wp-content\/uploads\/2021\/03\/sahin-etiket-1024x459.jpg 1024w, https:\/\/www.sahinofset.com\/wp-content\/uploads\/2021\/03\/sahin-etiket-300x134.jpg 300w, https:\/\/www.sahinofset.com\/wp-content\/uploads\/2021\/03\/sahin-etiket-768x344.jpg 768w, https:\/\/www.sahinofset.com\/wp-content\/uploads\/2021\/03\/sahin-etiket.jpg 1440w\" sizes=\"(max-width: 1024px) 100vw, 1024px\" \/>\t\t\t\t\t\t\t\t\t\t\t<\/div>\n\t\t\t\t<\/div>\n\t\t\t\t<\/div>\n\t\t\t\t\t<\/div>\n\t\t<\/div>\n\t\t\t\t\t\t\t<\/div>\n\t\t<\/section>\n\t\t\t\t<section class=\"elementor-section elementor-top-section elementor-element elementor-element-d2a6140 elementor-section-boxed elementor-section-height-default elementor-section-height-default\" data-id=\"d2a6140\" data-element_type=\"section\">\n\t\t\t\t\t\t<div class=\"elementor-container elementor-column-gap-default\">\n\t\t\t\t\t<div class=\"elementor-column elementor-col-100 elementor-top-column elementor-element elementor-element-6646c19\" data-id=\"6646c19\" data-element_type=\"column\">\n\t\t\t<div class=\"elementor-widget-wrap elementor-element-populated\">\n\t\t\t\t\t\t\t\t<div class=\"elementor-element elementor-element-b28a320 elementor-widget elementor-widget-text-editor\" data-id=\"b28a320\" data-element_type=\"widget\" data-widget_type=\"text-editor.default\">\n\t\t\t\t<div class=\"elementor-widget-container\">\n\t\t\t\t\t<div class=\"elementor-text-editor elementor-clearfix\"><p>1999 y\u0131l\u0131ndan beri, \u0130stanbul &#8211; Pendik \/ Kurtk\u00f6y &#8216;de 1.400 m2 kapal\u0131, toplamda 2.000 m2&#8217;lik alanda, bask\u0131 teknolojileri konusunda komple \u00e7\u00f6z\u00fcm sunan, makine park\u0131 g\u00fc\u00e7l\u00fc ve \u00e7e\u015fitli, bask\u0131 teknikleri konular\u0131nda tecr\u00fcbeli ekip ile \u00fcretim yapan bir firmay\u0131z.<\/p><p>Renkli rulo etiket \u00fcretimi, ofset bask\u0131l\u0131 kutu ambalaj \u00fcretimi, her t\u00fcrl\u00fc malzeme \u00fczerine UV dijital bask\u0131 , lazer kesim &#8211; kaz\u0131ma i\u015flemleri, 3 boyutlu yaz\u0131c\u0131 ile prototip ve numune \u00fcretimi ve \u00fcr\u00fcn bask\u0131lar\u0131, i\u00e7 ve d\u0131\u015f mekan dijital bask\u0131lar ve dijital bask\u0131l\u0131 \u00fcr\u00fcnler, bask\u0131 kalitesi y\u00fcksek ve h\u0131zl\u0131 dijital kopyalama makinelerinde \u00fcretimler, serigrafi ve tampon bask\u0131lar ve matbaa \u00fcr\u00fcnlerinin \u00fcretimlerinin tamam\u0131n\u0131 kendi b\u00fcnyemizde ger\u00e7ekle\u015ftirmekteyiz.<\/p><p>Cumhuriyetimizin kurucusu Ulu \u00f6nderimiz &#8220;Mustafa Kemal Atat\u00fcrk&#8221; e minnet ve \u015f\u00fckranlar\u0131m\u0131z\u0131 sunarak belirtti\u011fi \u00fczere \u00fcretmeye devam ediyoruz.<\/p><p>&#8220;\u00c7al\u0131\u015fmadan, yorulmadan ve \u00fcretmeden, rahat ya\u015famak isteyen toplumlar, evvela haysiyetlerini (onurlar\u0131n\u0131), sonra h\u00fcrriyetlerini (\u00f6zg\u00fcrl\u00fcklerini), daha sonra da istiklal (ba\u011f\u0131ms\u0131zl\u0131k) ve istikballerini (geleceklerini) kaybetmeye mahkumdurlar&#8221;<br \/>\u201cMustafa Kemal Atat\u00fcrk\u201d<\/p><\/div>\n\t\t\t\t<\/div>\n\t\t\t\t<\/div>\n\t\t\t\t\t<\/div>\n\t\t<\/div>\n\t\t\t\t\t\t\t<\/div>\n\t\t<\/section>\n\t\t\t\t<section class=\"elementor-section elementor-top-section elementor-element elementor-element-9b369e6 elementor-section-boxed elementor-section-height-default elementor-section-height-default\" data-id=\"9b369e6\" data-element_type=\"section\">\n\t\t\t\t\t\t<div class=\"elementor-container elementor-column-gap-default\">\n\t\t\t\t\t<div class=\"elementor-column elementor-col-100 elementor-top-column elementor-element elementor-element-81d601c\" data-id=\"81d601c\" data-element_type=\"column\">\n\t\t\t<div class=\"elementor-widget-wrap elementor-element-populated\">\n\t\t\t\t\t\t\t\t<div class=\"elementor-element elementor-element-e15361f elementor-widget-divider--separator-type-pattern elementor-widget-divider--view-line elementor-widget elementor-widget-divider\" data-id=\"e15361f\" data-element_type=\"widget\" data-widget_type=\"divider.default\">\n\t\t\t\t<div class=\"elementor-widget-container\">\n\t\t\t\t\t<div class=\"elementor-divider\" style=\"--divider-pattern-url: url(&quot;data:image\/svg+xml,%3Csvg xmlns=&#039;http:\/\/www.w3.org\/2000\/svg&#039; preserveAspectRatio=&#039;none&#039; overflow=&#039;visible&#039; height=&#039;100%&#039; viewBox=&#039;0 0 24 24&#039; fill=&#039;none&#039; stroke=&#039;black&#039; stroke-width=&#039;1&#039; stroke-linecap=&#039;square&#039; stroke-miterlimit=&#039;10&#039;%3E%3Cpolyline points=&#039;0,18 12,6 24,18 &#039;\/%3E%3C\/svg%3E&quot;);\">\n\t\t\t<span class=\"elementor-divider-separator\">\n\t\t\t\t\t\t<\/span>\n\t\t<\/div>\n\t\t\t\t<\/div>\n\t\t\t\t<\/div>\n\t\t\t\t\t<\/div>\n\t\t<\/div>\n\t\t\t\t\t\t\t<\/div>\n\t\t<\/section>\n\t\t\t\t<section class=\"elementor-section elementor-top-section elementor-element elementor-element-24dbba8 elementor-section-boxed elementor-section-height-default elementor-section-height-default\" data-id=\"24dbba8\" data-element_type=\"section\">\n\t\t\t\t\t\t<div class=\"elementor-container elementor-column-gap-default\">\n\t\t\t\t\t<div class=\"elementor-column elementor-col-100 elementor-top-column elementor-element elementor-element-d5bf227\" data-id=\"d5bf227\" data-element_type=\"column\">\n\t\t\t<div class=\"elementor-widget-wrap elementor-element-populated\">\n\t\t\t\t\t\t\t\t<div class=\"elementor-element elementor-element-8ec7e58 elementor-arrows-position-inside elementor-pagination-position-outside elementor-widget elementor-widget-image-carousel\" data-id=\"8ec7e58\" data-element_type=\"widget\" data-settings=\"{&quot;navigation&quot;:&quot;both&quot;,&quot;autoplay&quot;:&quot;yes&quot;,&quot;pause_on_hover&quot;:&quot;yes&quot;,&quot;pause_on_interaction&quot;:&quot;yes&quot;,&quot;autoplay_speed&quot;:5000,&quot;infinite&quot;:&quot;yes&quot;,&quot;speed&quot;:500}\" data-widget_type=\"image-carousel.default\">\n\t\t\t\t<div class=\"elementor-widget-container\">\n\t\t\t\t\t<div class=\"elementor-image-carousel-wrapper swiper-container\" dir=\"ltr\">\n\t\t\t<div class=\"elementor-image-carousel swiper-wrapper swiper-image-stretch\">\n\t\t\t\t<div class=\"swiper-slide\"><a data-elementor-open-lightbox=\"yes\" data-elementor-lightbox-slideshow=\"8ec7e58\" data-elementor-lightbox-title=\"3d-print\" href=\"https:\/\/www.sahinofset.com\/index.php\/uretim\/\"><figure class=\"swiper-slide-inner\"><img class=\"swiper-slide-image\" src=\"https:\/\/www.sahinofset.com\/wp-content\/uploads\/2021\/04\/3d-print.jpg\" alt=\"3d-print\" \/><\/figure><\/a><\/div><div class=\"swiper-slide\"><a data-elementor-open-lightbox=\"yes\" data-elementor-lightbox-slideshow=\"8ec7e58\" data-elementor-lightbox-title=\"baskes\" href=\"https:\/\/www.sahinofset.com\/index.php\/uretim\/\"><figure class=\"swiper-slide-inner\"><img class=\"swiper-slide-image\" src=\"https:\/\/www.sahinofset.com\/wp-content\/uploads\/2021\/04\/baskes.jpg\" alt=\"baskes\" \/><\/figure><\/a><\/div><div class=\"swiper-slide\"><a data-elementor-open-lightbox=\"yes\" data-elementor-lightbox-slideshow=\"8ec7e58\" data-elementor-lightbox-title=\"karton-kutu\" href=\"https:\/\/www.sahinofset.com\/index.php\/uretim\/\"><figure class=\"swiper-slide-inner\"><img class=\"swiper-slide-image\" src=\"https:\/\/www.sahinofset.com\/wp-content\/uploads\/2021\/04\/karton-kutu.jpg\" alt=\"karton-kutu\" \/><\/figure><\/a><\/div><div class=\"swiper-slide\"><a data-elementor-open-lightbox=\"yes\" data-elementor-lightbox-slideshow=\"8ec7e58\" data-elementor-lightbox-title=\"lazer\" href=\"https:\/\/www.sahinofset.com\/index.php\/uretim\/\"><figure class=\"swiper-slide-inner\"><img class=\"swiper-slide-image\" src=\"https:\/\/www.sahinofset.com\/wp-content\/uploads\/2021\/04\/lazer.jpg\" alt=\"lazer\" \/><\/figure><\/a><\/div><div class=\"swiper-slide\"><a data-elementor-open-lightbox=\"yes\" data-elementor-lightbox-slideshow=\"8ec7e58\" data-elementor-lightbox-title=\"matbaa\" href=\"https:\/\/www.sahinofset.com\/index.php\/uretim\/\"><figure class=\"swiper-slide-inner\"><img class=\"swiper-slide-image\" src=\"https:\/\/www.sahinofset.com\/wp-content\/uploads\/2021\/04\/matbaa.jpg\" alt=\"matbaa\" \/><\/figure><\/a><\/div><div class=\"swiper-slide\"><a data-elementor-open-lightbox=\"yes\" data-elementor-lightbox-slideshow=\"8ec7e58\" data-elementor-lightbox-title=\"rulo\" href=\"https:\/\/www.sahinofset.com\/index.php\/uretim\/\"><figure class=\"swiper-slide-inner\"><img class=\"swiper-slide-image\" src=\"https:\/\/www.sahinofset.com\/wp-content\/uploads\/2021\/04\/rulo.jpg\" alt=\"rulo\" \/><\/figure><\/a><\/div><div class=\"swiper-slide\"><a data-elementor-open-lightbox=\"yes\" data-elementor-lightbox-slideshow=\"8ec7e58\" data-elementor-lightbox-title=\"serig\" href=\"https:\/\/www.sahinofset.com\/index.php\/uretim\/\"><figure class=\"swiper-slide-inner\"><img class=\"swiper-slide-image\" src=\"https:\/\/www.sahinofset.com\/wp-content\/uploads\/2021\/04\/serig.jpg\" alt=\"serig\" \/><\/figure><\/a><\/div><div class=\"swiper-slide\"><a data-elementor-open-lightbox=\"yes\" data-elementor-lightbox-slideshow=\"8ec7e58\" data-elementor-lightbox-title=\"uv-printer\" href=\"https:\/\/www.sahinofset.com\/index.php\/uretim\/\"><figure class=\"swiper-slide-inner\"><img class=\"swiper-slide-image\" src=\"https:\/\/www.sahinofset.com\/wp-content\/uploads\/2021\/04\/uv-printer.jpg\" alt=\"uv-printer\" \/><\/figure><\/a><\/div>\t\t\t<\/div>\n\t\t\t\t\t\t\t\t\t\t\t\t<div class=\"swiper-pagination\"><\/div>\n\t\t\t\t\t\t\t\t\t\t\t\t\t<div class=\"elementor-swiper-button elementor-swiper-button-prev\">\n\t\t\t\t\t\t<i class=\"eicon-chevron-left\" aria-hidden=\"true\"><\/i>\n\t\t\t\t\t\t<span class=\"elementor-screen-only\">Previous<\/span>\n\t\t\t\t\t<\/div>\n\t\t\t\t\t<div class=\"elementor-swiper-button elementor-swiper-button-next\">\n\t\t\t\t\t\t<i class=\"eicon-chevron-right\" aria-hidden=\"true\"><\/i>\n\t\t\t\t\t\t<span class=\"elementor-screen-only\">Next<\/span>\n\t\t\t\t\t<\/div>\n\t\t\t\t\t\t\t\t\t<\/div>\n\t\t\t\t<\/div>\n\t\t\t\t<\/div>\n\t\t\t\t\t<\/div>\n\t\t<\/div>\n\t\t\t\t\t\t\t<\/div>\n\t\t<\/section>\n\t\t\t\t<section class=\"elementor-section elementor-top-section elementor-element elementor-element-9dd99bf elementor-section-boxed elementor-section-height-default elementor-section-height-default\" data-id=\"9dd99bf\" data-element_type=\"section\">\n\t\t\t\t\t\t<div class=\"elementor-container elementor-column-gap-default\">\n\t\t\t\t\t\t\t\t<\/div>\n\t\t<\/section>\n\t\t\t\t<section class=\"elementor-section elementor-top-section elementor-element elementor-element-1573144 elementor-section-boxed elementor-section-height-default elementor-section-height-default\" data-id=\"1573144\" data-element_type=\"section\">\n\t\t\t\t\t\t<div class=\"elementor-container elementor-column-gap-default\">\n\t\t\t\t\t<div class=\"elementor-column elementor-col-100 elementor-top-column elementor-element elementor-element-8ba92d5\" data-id=\"8ba92d5\" data-element_type=\"column\">\n\t\t\t<div class=\"elementor-widget-wrap elementor-element-populated\">\n\t\t\t\t\t\t\t\t<div class=\"elementor-element elementor-element-551aeb9 elementor-widget-divider--separator-type-pattern elementor-widget-divider--view-line elementor-widget elementor-widget-divider\" data-id=\"551aeb9\" data-element_type=\"widget\" data-widget_type=\"divider.default\">\n\t\t\t\t<div class=\"elementor-widget-container\">\n\t\t\t\t\t<div class=\"elementor-divider\" style=\"--divider-pattern-url: url(&quot;data:image\/svg+xml,%3Csvg xmlns=&#039;http:\/\/www.w3.org\/2000\/svg&#039; preserveAspectRatio=&#039;none&#039; overflow=&#039;visible&#039; height=&#039;100%&#039; viewBox=&#039;0 0 24 24&#039; fill=&#039;none&#039; stroke=&#039;black&#039; stroke-width=&#039;1&#039; stroke-linecap=&#039;square&#039; stroke-miterlimit=&#039;10&#039;%3E%3Cpolyline points=&#039;0,18 12,6 24,18 &#039;\/%3E%3C\/svg%3E&quot;);\">\n\t\t\t<span class=\"elementor-divider-separator\">\n\t\t\t\t\t\t<\/span>\n\t\t<\/div>\n\t\t\t\t<\/div>\n\t\t\t\t<\/div>\n\t\t\t\t\t<\/div>\n\t\t<\/div>\n\t\t\t\t\t\t\t<\/div>\n\t\t<\/section>\n\t\t\t\t<section class=\"elementor-section elementor-top-section elementor-element elementor-element-5e7cbdc elementor-section-boxed elementor-section-height-default elementor-section-height-default\" data-id=\"5e7cbdc\" data-element_type=\"section\">\n\t\t\t\t\t\t<div class=\"elementor-container elementor-column-gap-default\">\n\t\t\t\t\t<div class=\"elementor-column elementor-col-50 elementor-top-column elementor-element elementor-element-a7bb350\" data-id=\"a7bb350\" data-element_type=\"column\">\n\t\t\t<div class=\"elementor-widget-wrap elementor-element-populated\">\n\t\t\t\t\t\t\t\t<div class=\"elementor-element elementor-element-f0e9dcf elementor-widget elementor-widget-google_maps\" data-id=\"f0e9dcf\" data-element_type=\"widget\" data-widget_type=\"google_maps.default\">\n\t\t\t\t<div class=\"elementor-widget-container\">\n\t\t\t<div class=\"elementor-custom-embed\"><iframe frameborder=\"0\" scrolling=\"no\" marginheight=\"0\" marginwidth=\"0\" src=\"https:\/\/maps.google.com\/maps?q=%C5%9Fahin%20etiket&amp;t=m&amp;z=12&amp;output=embed&amp;iwloc=near\" title=\"\u015fahin etiket\" aria-label=\"\u015fahin etiket\"><\/iframe><\/div>\t\t<\/div>\n\t\t\t\t<\/div>\n\t\t\t\t\t<\/div>\n\t\t<\/div>\n\t\t\t\t<div class=\"elementor-column elementor-col-50 elementor-top-column elementor-element elementor-element-1dd39a9\" data-id=\"1dd39a9\" data-element_type=\"column\">\n\t\t\t<div class=\"elementor-widget-wrap elementor-element-populated\">\n\t\t\t\t\t\t\t\t<div class=\"elementor-element elementor-element-cef6ba4 elementor-widget elementor-widget-text-editor\" data-id=\"cef6ba4\" data-element_type=\"widget\" data-widget_type=\"text-editor.default\">\n\t\t\t\t<div class=\"elementor-widget-container\">\n\t\t\t\t\t<div class=\"elementor-text-editor elementor-clearfix\"><p><a href=\"https:\/\/www.google.com\/search?sxsrf=ALeKk01mhFvB_Q-BfmzzkU0yKEVYvClo6A:1615368780748&amp;q=%C5%9Fahin+etiket+adres&amp;stick=H4sIAAAAAAAAAOPgE-LVT9c3NMwwNYk3Lk4y0JLNTrbSz8lPTizJzM-DM6wSU1KKUouLF7EKH52fmJGZp5BakpmdWqKQCBIGAPM8TbpGAAAA&amp;ludocid=1551204346338398356&amp;sa=X&amp;ved=2ahUKEwiV6-3StaXvAhXPAewKHWnRD9sQ6BMwI3oECDYQAg\" data-ved=\"2ahUKEwiV6-3StaXvAhXPAewKHWnRD9sQ6BMwI3oECDYQAg\">Adres<\/a>:\u00a0Sanayi, Sultan Selim Sk. No:23,\u00a0<span style=\"font-size: 1rem;\">34906 Pendik \/ \u0130stanbul\u00a0<br \/><\/span><a style=\"font-size: 1rem; background-color: #ffffff;\" href=\"http:\/\/+902165952070\" data-ved=\"2ahUKEwiV6-3StaXvAhXPAewKHWnRD9sQ6BMwI3oECDYQAg\" data-wplink-url-error=\"true\">Tel<\/a><span style=\"font-size: 1rem;\">:\u00a0\u00a0<\/span>+90 216 595 20 70 (pbx)<\/p><p><a style=\"font-size: 1rem; background-color: #ffffff;\" href=\"https:\/\/www.google.com\/search?sxsrf=ALeKk01mhFvB_Q-BfmzzkU0yKEVYvClo6A:1615368780748&amp;q=%C5%9Fahin+etiket+adres&amp;stick=H4sIAAAAAAAAAOPgE-LVT9c3NMwwNYk3Lk4y0JLNTrbSz8lPTizJzM-DM6wSU1KKUouLF7EKH52fmJGZp5BakpmdWqKQCBIGAPM8TbpGAAAA&amp;ludocid=1551204346338398356&amp;sa=X&amp;ved=2ahUKEwiV6-3StaXvAhXPAewKHWnRD9sQ6BMwI3oECDYQAg\" data-ved=\"2ahUKEwiV6-3StaXvAhXPAewKHWnRD9sQ6BMwI3oECDYQAg\">E-mail<\/a><span style=\"font-size: 1rem;\">:\u00a0<\/span>\u00a0info@sahinofset.com<\/p><p><a href=\"https:\/\/goo.gl\/maps\/TYt13QavUYd7FmAd7\"><img loading=\"lazy\" class=\"alignnone wp-image-177\" src=\"https:\/\/www.sahinofset.com\/wp-content\/uploads\/2021\/03\/resim_2021-03-17_095453.png\" alt=\"\" width=\"115\" height=\"100\" \/><\/a><\/p><\/div>\n\t\t\t\t<\/div>\n\t\t\t\t<\/div>\n\t\t\t\t<div class=\"elementor-element elementor-element-9977909 elementor-widget elementor-widget-text-editor\" data-id=\"9977909\" data-element_type=\"widget\" data-widget_type=\"text-editor.default\">\n\t\t\t\t<div class=\"elementor-widget-container\">\n\t\t\t\t\t<div class=\"elementor-text-editor elementor-clearfix\"><p><a href=\"https:\/\/goo.gl\/maps\/TYt13QavUYd7FmAd7\">Yol tarifi i\u00e7in t\u0131klay\u0131n\u0131z.<\/a><\/p><\/div>\n\t\t\t\t<\/div>\n\t\t\t\t<\/div>\n\t\t\t\t\t<\/div>\n\t\t<\/div>\n\t\t\t\t\t\t\t<\/div>\n\t\t<\/section>\n\t\t\t\t<section class=\"elementor-section elementor-top-section elementor-element elementor-element-e284660 elementor-section-boxed elementor-section-height-default elementor-section-height-default\" data-id=\"e284660\" data-element_type=\"section\">\n\t\t\t\t\t\t<div class=\"elementor-container elementor-column-gap-default\">\n\t\t\t\t\t<div class=\"elementor-column elementor-col-100 elementor-top-column elementor-element elementor-element-8327f24\" data-id=\"8327f24\" data-element_type=\"column\">\n\t\t\t<div class=\"elementor-widget-wrap\">\n\t\t\t\t\t\t\t\t\t<\/div>\n\t\t<\/div>\n\t\t\t\t\t\t\t<\/div>\n\t\t<\/section>\n\t\t\t\t<section class=\"elementor-section elementor-top-section elementor-element elementor-element-2a57736 elementor-section-boxed elementor-section-height-default elementor-section-height-default\" data-id=\"2a57736\" data-element_type=\"section\">\n\t\t\t\t\t\t<div class=\"elementor-container elementor-column-gap-default\">\n\t\t\t\t\t\t\t\t<\/div>\n\t\t<\/section>\n\t\t\t\t<section class=\"elementor-section elementor-top-section elementor-element elementor-element-8109595 elementor-section-boxed elementor-section-height-default elementor-section-height-default\" data-id=\"8109595\" data-element_type=\"section\">\n\t\t\t\t\t\t<div class=\"elementor-container elementor-column-gap-default\">\n\t\t\t\t\t<div class=\"elementor-column elementor-col-100 elementor-top-column elementor-element elementor-element-9ba4e1b\" data-id=\"9ba4e1b\" data-element_type=\"column\">\n\t\t\t<div class=\"elementor-widget-wrap elementor-element-populated\">\n\t\t\t\t\t\t\t\t<div class=\"elementor-element elementor-element-80ea3d3 elementor-shape-rounded elementor-grid-0 e-grid-align-center elementor-widget elementor-widget-social-icons\" data-id=\"80ea3d3\" data-element_type=\"widget\" data-widget_type=\"social-icons.default\">\n\t\t\t\t<div class=\"elementor-widget-container\">\n\t\t\t\t\t<div class=\"elementor-social-icons-wrapper elementor-grid\">\n\t\t\t\t\t\t\t<div class=\"elementor-grid-item\">\n\t\t\t\t\t<a class=\"elementor-icon elementor-social-icon elementor-social-icon-facebook elementor-repeater-item-739beed\" href=\"https:\/\/m.facebook.com\/%C5%9Eahin-etiket-101771538245484\/?ref=page_internal&#038;mt_nav=0\" target=\"_blank\">\n\t\t\t\t\t\t<span class=\"elementor-screen-only\">Facebook<\/span>\n\t\t\t\t\t\t<i class=\"fab fa-facebook\"><\/i>\t\t\t\t\t<\/a>\n\t\t\t\t<\/div>\n\t\t\t\t\t\t\t<div class=\"elementor-grid-item\">\n\t\t\t\t\t<a class=\"elementor-icon elementor-social-icon elementor-social-icon-instagram elementor-repeater-item-970772a\" href=\"https:\/\/www.instagram.com\/sahinetiket_ambalaj\/?hl=tr\" target=\"_blank\">\n\t\t\t\t\t\t<span class=\"elementor-screen-only\">Instagram<\/span>\n\t\t\t\t\t\t<i class=\"fab fa-instagram\"><\/i>\t\t\t\t\t<\/a>\n\t\t\t\t<\/div>\n\t\t\t\t\t\t\t<div class=\"elementor-grid-item\">\n\t\t\t\t\t<a class=\"elementor-icon elementor-social-icon elementor-social-icon-linkedin elementor-repeater-item-a4c330a\" href=\"https:\/\/www.linkedin.com\/company\/68157555\/admin\/\" target=\"_blank\">\n\t\t\t\t\t\t<span class=\"elementor-screen-only\">Linkedin<\/span>\n\t\t\t\t\t\t<i class=\"fab fa-linkedin\"><\/i>\t\t\t\t\t<\/a>\n\t\t\t\t<\/div>\n\t\t\t\t\t\t\t<div class=\"elementor-grid-item\">\n\t\t\t\t\t<a class=\"elementor-icon elementor-social-icon elementor-social-icon-youtube elementor-repeater-item-cf32883\" target=\"_blank\">\n\t\t\t\t\t\t<span class=\"elementor-screen-only\">Youtube<\/span>\n\t\t\t\t\t\t<i class=\"fab fa-youtube\"><\/i>\t\t\t\t\t<\/a>\n\t\t\t\t<\/div>\n\t\t\t\t\t<\/div>\n\t\t\t\t<\/div>\n\t\t\t\t<\/div>\n\t\t\t\t\t<\/div>\n\t\t<\/div>\n\t\t\t\t\t\t\t<\/div>\n\t\t<\/section>\n\t\t\t\t\t\t<\/div>\n\t\t\t\t\t<\/div>\n\t\t","protected":false},"excerpt":{"rendered":"<p class=\"qua-blog-post-description\">1999 y\u0131l\u0131ndan beri, \u0130stanbul &#8211; Pendik \/ Kurtk\u00f6y &#8216;de 1.400 m2 kapal\u0131, toplamda 2.000 m2&#8217;lik alanda, bask\u0131 teknolojileri konusunda komple \u00e7\u00f6z\u00fcm sunan, makine park\u0131 g\u00fc\u00e7l\u00fc ve \u00e7e\u015fitli, bask\u0131 teknikleri konular\u0131nda tecr\u00fcbeli ekip ile \u00fcretim yapan bir firmay\u0131z. Renkli rulo etiket \u00fcretimi, ofset bask\u0131l\u0131 kutu ambalaj \u00fcretimi, her t\u00fcrl\u00fc malzeme \u00fczerine UV dijital bask\u0131 , lazer [&hellip;]<\/p>\n","protected":false},"author":1,"featured_media":0,"parent":0,"menu_order":0,"comment_status":"closed","ping_status":"closed","template":"elementor_header_footer","meta":[],"_links":{"self":[{"href":"https:\/\/www.sahinofset.com\/index.php\/wp-json\/wp\/v2\/pages\/16"}],"collection":[{"href":"https:\/\/www.sahinofset.com\/index.php\/wp-json\/wp\/v2\/pages"}],"about":[{"href":"https:\/\/www.sahinofset.com\/index.php\/wp-json\/wp\/v2\/types\/page"}],"author":[{"embeddable":true,"href":"https:\/\/www.sahinofset.com\/index.php\/wp-json\/wp\/v2\/users\/1"}],"replies":[{"embeddable":true,"href":"https:\/\/www.sahinofset.com\/index.php\/wp-json\/wp\/v2\/comments?post=16"}],"version-history":[{"count":113,"href":"https:\/\/www.sahinofset.com\/index.php\/wp-json\/wp\/v2\/pages\/16\/revisions"}],"predecessor-version":[{"id":395,"href":"https:\/\/www.sahinofset.com\/index.php\/wp-json\/wp\/v2\/pages\/16\/revisions\/395"}],"wp:attachment":[{"href":"https:\/\/www.sahinofset.com\/index.php\/wp-json\/wp\/v2\/media?parent=16"}],"curies":[{"name":"wp","href":"https:\/\/api.w.org\/{rel}","templated":true}]}}