{"id":101,"date":"2021-03-10T07:48:02","date_gmt":"2021-03-10T07:48:02","guid":{"rendered":"https:\/\/www.sahinofset.com\/?page_id=101"},"modified":"2021-03-30T06:43:37","modified_gmt":"2021-03-30T06:43:37","slug":"3-boyutlu-urun-baskilari","status":"publish","type":"page","link":"https:\/\/www.sahinofset.com\/index.php\/3-boyutlu-urun-baskilari\/","title":{"rendered":"3 boyutlu \u00fcr\u00fcn bask\u0131lar\u0131"},"content":{"rendered":"\t\t<div data-elementor-type=\"wp-page\" data-elementor-id=\"101\" class=\"elementor elementor-101\" data-elementor-settings=\"[]\">\n\t\t\t\t\t\t\t<div class=\"elementor-section-wrap\">\n\t\t\t\t\t\t\t<section class=\"elementor-section elementor-top-section elementor-element elementor-element-479001b elementor-section-boxed elementor-section-height-default elementor-section-height-default\" data-id=\"479001b\" data-element_type=\"section\">\n\t\t\t\t\t\t<div class=\"elementor-container elementor-column-gap-no\">\n\t\t\t\t\t<div class=\"elementor-column elementor-col-100 elementor-top-column elementor-element elementor-element-fbf899d\" data-id=\"fbf899d\" data-element_type=\"column\">\n\t\t\t<div class=\"elementor-widget-wrap elementor-element-populated\">\n\t\t\t\t\t\t\t\t<div class=\"elementor-element elementor-element-139f515 elementor-widget elementor-widget-image\" data-id=\"139f515\" data-element_type=\"widget\" data-widget_type=\"image.default\">\n\t\t\t\t<div class=\"elementor-widget-container\">\n\t\t\t\t\t<div class=\"elementor-image\">\n\t\t\t\t\t\t\t\t\t\t<img width=\"914\" height=\"543\" src=\"https:\/\/www.sahinofset.com\/wp-content\/uploads\/2021\/03\/3d-printer.jpg\" class=\"attachment-large size-large\" alt=\"\" loading=\"lazy\" srcset=\"https:\/\/www.sahinofset.com\/wp-content\/uploads\/2021\/03\/3d-printer.jpg 914w, https:\/\/www.sahinofset.com\/wp-content\/uploads\/2021\/03\/3d-printer-300x178.jpg 300w, https:\/\/www.sahinofset.com\/wp-content\/uploads\/2021\/03\/3d-printer-768x456.jpg 768w\" sizes=\"(max-width: 914px) 100vw, 914px\" \/>\t\t\t\t\t\t\t\t\t\t\t<\/div>\n\t\t\t\t<\/div>\n\t\t\t\t<\/div>\n\t\t\t\t<div class=\"elementor-element elementor-element-92129ec elementor-widget elementor-widget-heading\" data-id=\"92129ec\" data-element_type=\"widget\" data-widget_type=\"heading.default\">\n\t\t\t\t<div class=\"elementor-widget-container\">\n\t\t\t<h2 class=\"elementor-heading-title elementor-size-default\">3 Boyutlu \u00dcr\u00fcn Bask\u0131lar\u0131<\/h2>\t\t<\/div>\n\t\t\t\t<\/div>\n\t\t\t\t\t<\/div>\n\t\t<\/div>\n\t\t\t\t\t\t\t<\/div>\n\t\t<\/section>\n\t\t\t\t<section class=\"elementor-section elementor-top-section elementor-element elementor-element-27fff39 elementor-section-boxed elementor-section-height-default elementor-section-height-default\" data-id=\"27fff39\" data-element_type=\"section\">\n\t\t\t\t\t\t<div class=\"elementor-container elementor-column-gap-default\">\n\t\t\t\t\t\t\t\t<\/div>\n\t\t<\/section>\n\t\t\t\t<section class=\"elementor-section elementor-top-section elementor-element elementor-element-6b80884 elementor-section-boxed elementor-section-height-default elementor-section-height-default\" data-id=\"6b80884\" data-element_type=\"section\">\n\t\t\t\t\t\t<div class=\"elementor-container elementor-column-gap-default\">\n\t\t\t\t\t<div class=\"elementor-column elementor-col-100 elementor-top-column elementor-element elementor-element-1e4c2cd\" data-id=\"1e4c2cd\" data-element_type=\"column\">\n\t\t\t<div class=\"elementor-widget-wrap elementor-element-populated\">\n\t\t\t\t\t\t\t\t<div class=\"elementor-element elementor-element-cd75157 elementor-widget elementor-widget-text-editor\" data-id=\"cd75157\" data-element_type=\"widget\" data-widget_type=\"text-editor.default\">\n\t\t\t\t<div class=\"elementor-widget-container\">\n\t\t\t\t\t<div class=\"elementor-text-editor elementor-clearfix\"><p>3 boyutlu olarak tasarlad\u0131\u011f\u0131m\u0131z sanal nesneleri, 3 boyutlu yaz\u0131c\u0131m\u0131z ile, polimer, kompozit, re\u00e7ine gibi malzemelerden \u0131s\u0131l veya kimyasal i\u015flemden ge\u00e7irerek prototip, yedek par\u00e7a, numune ve \u00fcr\u00fcn \u00fcretmekteyiz.<\/p><p>Hammaddeler, \u201cfilament\u201d olarak adland\u0131r\u0131lan 3 boyutlu yaz\u0131c\u0131lar\u0131n modellemesi i\u00e7in kullan\u0131lmakta olan termoplastik hammaddedir. Farkl\u0131 \u00f6zelliklerde, farkl\u0131 s\u0131cakl\u0131klarla \u00e7al\u0131\u015f\u0131lmas\u0131 gereken bir\u00e7ok filament \u00e7e\u015fidi bulunmaktad\u0131r. Filament kalitesi ve teknik \u00f6zellikleri bask\u0131 kalitesini do\u011frudan etkilemektedir. \u0130ki farkl\u0131 \u00e7apta filament vard\u0131r: 1,75 mm ve 2,85 mm\/3 mm.<\/p><p><b>Filament \u00c7e\u015fitleri ve \u00d6zellikleri<\/b><br \/>PLA (Poliaktirk Asit)<br \/>ABS (Akrilonitril B\u00fcdadien Stiren)<br \/>PETG (Polyethylene Terephthalate Glycol-Modified)<br \/>Esnek (Flex)<br \/>TPU (Termoplastik Poli\u00fcretan)<br \/>\u00d6zel Filamentler<\/p><p>Ev tipi 3D bask\u0131 i\u015flemleri i\u00e7in ABS, PLA, PETG, Flex ve TPU t\u00fcr\u00fc filamentler kullan\u0131lmaktad\u0131r.<br \/>\u00d6zel filamentler ise farkl\u0131 end\u00fcstrilerde farkl\u0131 ama\u00e7larla kullan\u0131lmaktad\u0131rlar.<br \/>\u00d6zel filamentler aras\u0131nda bak\u0131r, carbon fiber, suda eriyen, metal, fosforlu, PVA, polikarbonat filamentler bulunmaktad\u0131r.<\/p><\/div>\n\t\t\t\t<\/div>\n\t\t\t\t<\/div>\n\t\t\t\t\t<\/div>\n\t\t<\/div>\n\t\t\t\t\t\t\t<\/div>\n\t\t<\/section>\n\t\t\t\t\t\t<\/div>\n\t\t\t\t\t<\/div>\n\t\t","protected":false},"excerpt":{"rendered":"<p class=\"qua-blog-post-description\">3 Boyutlu \u00dcr\u00fcn Bask\u0131lar\u0131 3 boyutlu olarak tasarlad\u0131\u011f\u0131m\u0131z sanal nesneleri, 3 boyutlu yaz\u0131c\u0131m\u0131z ile, polimer, kompozit, re\u00e7ine gibi malzemelerden \u0131s\u0131l veya kimyasal i\u015flemden ge\u00e7irerek prototip, yedek par\u00e7a, numune ve \u00fcr\u00fcn \u00fcretmekteyiz. Hammaddeler, \u201cfilament\u201d olarak adland\u0131r\u0131lan 3 boyutlu yaz\u0131c\u0131lar\u0131n modellemesi i\u00e7in kullan\u0131lmakta olan termoplastik hammaddedir. Farkl\u0131 \u00f6zelliklerde, farkl\u0131 s\u0131cakl\u0131klarla \u00e7al\u0131\u015f\u0131lmas\u0131 gereken bir\u00e7ok filament \u00e7e\u015fidi bulunmaktad\u0131r. Filament [&hellip;]<\/p>\n","protected":false},"author":1,"featured_media":0,"parent":0,"menu_order":0,"comment_status":"closed","ping_status":"closed","template":"elementor_header_footer","meta":[],"_links":{"self":[{"href":"https:\/\/www.sahinofset.com\/index.php\/wp-json\/wp\/v2\/pages\/101"}],"collection":[{"href":"https:\/\/www.sahinofset.com\/index.php\/wp-json\/wp\/v2\/pages"}],"about":[{"href":"https:\/\/www.sahinofset.com\/index.php\/wp-json\/wp\/v2\/types\/page"}],"author":[{"embeddable":true,"href":"https:\/\/www.sahinofset.com\/index.php\/wp-json\/wp\/v2\/users\/1"}],"replies":[{"embeddable":true,"href":"https:\/\/www.sahinofset.com\/index.php\/wp-json\/wp\/v2\/comments?post=101"}],"version-history":[{"count":12,"href":"https:\/\/www.sahinofset.com\/index.php\/wp-json\/wp\/v2\/pages\/101\/revisions"}],"predecessor-version":[{"id":328,"href":"https:\/\/www.sahinofset.com\/index.php\/wp-json\/wp\/v2\/pages\/101\/revisions\/328"}],"wp:attachment":[{"href":"https:\/\/www.sahinofset.com\/index.php\/wp-json\/wp\/v2\/media?parent=101"}],"curies":[{"name":"wp","href":"https:\/\/api.w.org\/{rel}","templated":true}]}}